{"id":36,"date":"2024-03-05T09:19:45","date_gmt":"2024-03-05T08:19:45","guid":{"rendered":"https:\/\/metropolitan-masters.com\/?page_id=36"},"modified":"2026-01-18T18:09:15","modified_gmt":"2026-01-18T17:09:15","slug":"kontakt","status":"publish","type":"page","link":"https:\/\/metropolitan-masters.com\/en\/kontakt\/","title":{"rendered":"Contact"},"content":{"rendered":"<div class=\"wp-block-columns alignwide has-contrast-color has-text-color has-link-color wp-elements-b47c95314ee07894a279d546c733276a is-layout-flex wp-container-core-columns-is-layout-63382e38 wp-block-columns-is-layout-flex\" style=\"margin-top:-24px;margin-bottom:0;padding-top:var(--wp--preset--spacing--40);padding-right:0;padding-bottom:var(--wp--preset--spacing--40);padding-left:0\">\n<div class=\"wp-block-column is-vertically-aligned-top has-contrast-color has-text-color has-link-color wp-elements-494568a50edc17571c0ee53ca33542f8 is-layout-flow wp-container-core-column-is-layout-de540964 wp-block-column-is-layout-flow\" style=\"padding-top:0;padding-right:0;padding-bottom:0;padding-left:var(--wp--preset--spacing--30);flex-basis:50%\">\n<h2 class=\"wp-block-heading has-contrast-color has-text-color has-link-color wp-elements-65a2fcba0e4b102281eb8652ee17babf\">Fragen? <br>Kontaktiere uns gerne.<\/h2>\n\n\n\n<div class=\"wp-block-group has-contrast-color has-text-color has-link-color wp-elements-c89e7c87a4d35fb3e4bc63a708bfdc82 is-vertical is-content-justification-left is-layout-flex wp-container-core-group-is-layout-ee8c9393 wp-block-group-is-layout-flex\">\n<div class=\"wp-block-group has-contrast-color has-text-color has-link-color has-montserrat-font-family wp-elements-fdc5fb07a3dac95b094f0506c605019b is-vertical is-content-justification-left is-layout-flex wp-container-core-group-is-layout-40726b60 wp-block-group-is-layout-flex\" style=\"margin-top:0;margin-bottom:0;padding-top:0;padding-right:0;padding-bottom:0;padding-left:0\">\n<p class=\"has-contrast-color has-text-color has-link-color has-medium-font-size wp-elements-d8ebc4043327cafe13a12971fac44642 wp-block-paragraph\"><strong>Address<\/strong><\/p>\n\n\n\n<p class=\"has-text-align-left has-contrast-color has-text-color has-link-color wp-elements-a04256f0f06c0ca17b43f9768f2640fa wp-block-paragraph\" style=\"text-transform:none\"><strong>BERLIN<\/strong><br>Charlottenstra\u00dfe 62<br>10117\u00a0Berlin<\/p>\n<\/div>\n\n\n\n<div class=\"wp-block-group is-vertical is-content-justification-left is-layout-flex wp-container-core-group-is-layout-b61a1d7d wp-block-group-is-layout-flex\">\n<p class=\"has-contrast-color has-text-color has-link-color has-medium-font-size wp-elements-1e487309f240e0d00bfe9ab2d75a1801 wp-block-paragraph\"><strong>Contact<\/strong><\/p>\n\n\n\n<p class=\"has-text-align-left has-contrast-color has-text-color has-link-color wp-elements-03c8cc839ff244a2377ce6b637883d9d wp-block-paragraph\" style=\"text-transform:none\">Tel.: <a href=\"tel:03060936280\"><a href=\"https:\/\/www.google.com\/search?gs_ssp=eJzj4tZP1zcsyUjOKUlON2C0UjWoMDFPtDA1TDGwMLYwMTAwMLQyqLA0NEw0MjUzMDYxtUxKMzb1Es9NLSnKL8jPySxJzFNITC0uyUgtyUwuBgBFChc_&amp;q=metropolitan+aesthetics&amp;rlz=1C1GCEU_deDE1017DE1017&amp;oq=metropolitan+aesth&amp;gs_lcrp=EgZjaHJvbWUqEAgBEC4YrwEYxwEYgAQYjgUyCggAEAAY4wIYgAQyEAgBEC4YrwEYxwEYgAQYjgUyBggCEEUYOTIHCAMQABiABDIHCAQQABiABDIHCAUQABiABDIHCAYQABiABDIKCAcQABiABBiiBDIHCAgQABjvBTIKCAkQABiABBiiBNIBCDc3NzVqMGo3qAIAsAIA&amp;sourceid=chrome&amp;ie=UTF-8#\">030 60936280<\/a><\/a><br>E-Mail: <a href=\"mailto:info@metropolitan-masters.com\">info@metropolitan-masters.com<\/a><\/p>\n<\/div>\n<\/div>\n<\/div>\n\n\n\n<div class=\"wp-block-column is-vertically-aligned-top has-base-2-background-color has-background is-layout-flow wp-container-core-column-is-layout-188acd66 wp-block-column-is-layout-flow\" style=\"padding-right:0;padding-left:0;flex-basis:100%\"><div class=\"wp-block-jetpack-contact-form wp-elements-bebb73b67b0d42ac8688de94108f57a3\"><a href=\"https:\/\/metropolitan-masters.com\/en\/kontakt\/\" target=\"_blank\" rel=\"noopener noreferrer\">Submit a form.<\/a><\/div><\/div>\n<\/div>","protected":false},"excerpt":{"rendered":"<p>Fragen? Kontaktiere uns gerne. Adresse BERLINCharlottenstra\u00dfe 6210117\u00a0Berlin Kontakt Tel.: 030 60936280E-Mail: info@metropolitan-masters.com<\/p>","protected":false},"author":247424117,"featured_media":0,"parent":0,"menu_order":0,"comment_status":"closed","ping_status":"closed","template":"","meta":{"_crdt_document":"","jetpack_post_was_ever_published":false,"footnotes":""},"class_list":["post-36","page","type-page","status-publish","hentry"],"yoast_head":"<!-- This site is optimized with the Yoast SEO plugin v27.3 - https:\/\/yoast.com\/product\/yoast-seo-wordpress\/ -->\n<title>Kontakt - Metropolitan Masters<\/title>\n<meta name=\"description\" content=\"Plastische Chirurgen aus Berlin, mit der Mission, auf dem stetig wachsenden \u00e4sthetischen Markt f\u00fcr eine Qualit\u00e4tssicherung zu sorgen, die der Kunde sp\u00fcrt und sieht.\" \/>\n<meta name=\"robots\" content=\"index, follow, max-snippet:-1, max-image-preview:large, max-video-preview:-1\" \/>\n<link rel=\"canonical\" href=\"https:\/\/metropolitan-masters.com\/en\/kontakt\/\" \/>\n<meta property=\"og:locale\" content=\"en_US\" \/>\n<meta property=\"og:type\" content=\"article\" \/>\n<meta property=\"og:title\" content=\"Kontakt - Metropolitan Masters\" \/>\n<meta property=\"og:description\" content=\"Plastische Chirurgen aus Berlin, mit der Mission, auf dem stetig wachsenden \u00e4sthetischen Markt f\u00fcr eine Qualit\u00e4tssicherung zu sorgen, die der Kunde sp\u00fcrt und sieht.\" \/>\n<meta property=\"og:url\" content=\"https:\/\/metropolitan-masters.com\/en\/kontakt\/\" \/>\n<meta property=\"og:site_name\" content=\"Metropolitan Masters\" \/>\n<meta property=\"article:modified_time\" content=\"2026-01-18T17:09:15+00:00\" \/>\n<meta property=\"og:image\" content=\"https:\/\/i0.wp.com\/metropolitan-masters.com\/wp-content\/uploads\/2024\/03\/dscf6035-1.jpg?fit=683%2C1024&ssl=1\" \/>\n\t<meta property=\"og:image:width\" content=\"683\" \/>\n\t<meta property=\"og:image:height\" content=\"1024\" \/>\n\t<meta property=\"og:image:type\" content=\"image\/jpeg\" \/>\n<meta name=\"twitter:card\" content=\"summary_large_image\" \/>\n<meta name=\"twitter:label1\" content=\"Est. reading time\" \/>\n\t<meta name=\"twitter:data1\" content=\"1 minute\" \/>\n<script type=\"application\/ld+json\" class=\"yoast-schema-graph\">{\"@context\":\"https:\\\/\\\/schema.org\",\"@graph\":[{\"@type\":\"WebPage\",\"@id\":\"https:\\\/\\\/metropolitan-masters.com\\\/kontakt\\\/\",\"url\":\"https:\\\/\\\/metropolitan-masters.com\\\/kontakt\\\/\",\"name\":\"Kontakt - Metropolitan Masters\",\"isPartOf\":{\"@id\":\"https:\\\/\\\/metropolitan-masters.com\\\/#website\"},\"datePublished\":\"2024-03-05T08:19:45+00:00\",\"dateModified\":\"2026-01-18T17:09:15+00:00\",\"description\":\"Plastische Chirurgen aus Berlin, mit der Mission, auf dem stetig wachsenden \u00e4sthetischen Markt f\u00fcr eine Qualit\u00e4tssicherung zu sorgen, die der Kunde sp\u00fcrt und sieht.\",\"breadcrumb\":{\"@id\":\"https:\\\/\\\/metropolitan-masters.com\\\/kontakt\\\/#breadcrumb\"},\"inLanguage\":\"en-US\",\"potentialAction\":[{\"@type\":\"ReadAction\",\"target\":[\"https:\\\/\\\/metropolitan-masters.com\\\/kontakt\\\/\"]}]},{\"@type\":\"BreadcrumbList\",\"@id\":\"https:\\\/\\\/metropolitan-masters.com\\\/kontakt\\\/#breadcrumb\",\"itemListElement\":[{\"@type\":\"ListItem\",\"position\":1,\"name\":\"Startseite\",\"item\":\"https:\\\/\\\/metropolitan-masters.com\\\/\"},{\"@type\":\"ListItem\",\"position\":2,\"name\":\"Kontakt\"}]},{\"@type\":\"WebSite\",\"@id\":\"https:\\\/\\\/metropolitan-masters.com\\\/#website\",\"url\":\"https:\\\/\\\/metropolitan-masters.com\\\/\",\"name\":\"\u00c4sthetische Behandlungen in Berlin- Metropolitan Masters\",\"description\":\"Professionelle \u00e4sthetische Behandlungen\",\"publisher\":{\"@id\":\"https:\\\/\\\/metropolitan-masters.com\\\/#organization\"},\"alternateName\":\"Metropolitan Masters\",\"potentialAction\":[{\"@type\":\"SearchAction\",\"target\":{\"@type\":\"EntryPoint\",\"urlTemplate\":\"https:\\\/\\\/metropolitan-masters.com\\\/?s={search_term_string}\"},\"query-input\":{\"@type\":\"PropertyValueSpecification\",\"valueRequired\":true,\"valueName\":\"search_term_string\"}}],\"inLanguage\":\"en-US\"},{\"@type\":\"Organization\",\"@id\":\"https:\\\/\\\/metropolitan-masters.com\\\/#organization\",\"name\":\"Metropolitan Masters\",\"url\":\"https:\\\/\\\/metropolitan-masters.com\\\/\",\"logo\":{\"@type\":\"ImageObject\",\"inLanguage\":\"en-US\",\"@id\":\"https:\\\/\\\/metropolitan-masters.com\\\/#\\\/schema\\\/logo\\\/image\\\/\",\"url\":\"https:\\\/\\\/i0.wp.com\\\/metropolitan-masters.com\\\/wp-content\\\/uploads\\\/2024\\\/07\\\/Logo_Metropolitan_Masters_KN.png?fit=1710%2C398&ssl=1\",\"contentUrl\":\"https:\\\/\\\/i0.wp.com\\\/metropolitan-masters.com\\\/wp-content\\\/uploads\\\/2024\\\/07\\\/Logo_Metropolitan_Masters_KN.png?fit=1710%2C398&ssl=1\",\"width\":1710,\"height\":398,\"caption\":\"Metropolitan Masters\"},\"image\":{\"@id\":\"https:\\\/\\\/metropolitan-masters.com\\\/#\\\/schema\\\/logo\\\/image\\\/\"},\"sameAs\":[\"https:\\\/\\\/www.instagram.com\\\/metropolitan.masters\\\/?hl=de\"]}]}<\/script>\n<!-- \/ Yoast SEO plugin. -->","yoast_head_json":{"title":"Kontakt - Metropolitan Masters","description":"Plastische Chirurgen aus Berlin, mit der Mission, auf dem stetig wachsenden \u00e4sthetischen Markt f\u00fcr eine Qualit\u00e4tssicherung zu sorgen, die der Kunde sp\u00fcrt und sieht.","robots":{"index":"index","follow":"follow","max-snippet":"max-snippet:-1","max-image-preview":"max-image-preview:large","max-video-preview":"max-video-preview:-1"},"canonical":"https:\/\/metropolitan-masters.com\/en\/kontakt\/","og_locale":"en_US","og_type":"article","og_title":"Kontakt - Metropolitan Masters","og_description":"Plastische Chirurgen aus Berlin, mit der Mission, auf dem stetig wachsenden \u00e4sthetischen Markt f\u00fcr eine Qualit\u00e4tssicherung zu sorgen, die der Kunde sp\u00fcrt und sieht.","og_url":"https:\/\/metropolitan-masters.com\/en\/kontakt\/","og_site_name":"Metropolitan Masters","article_modified_time":"2026-01-18T17:09:15+00:00","og_image":[{"url":"https:\/\/i0.wp.com\/metropolitan-masters.com\/wp-content\/uploads\/2024\/03\/dscf6035-1.jpg?fit=683%2C1024&ssl=1","width":683,"height":1024,"type":"image\/jpeg"}],"twitter_card":"summary_large_image","twitter_misc":{"Est. reading time":"1 minute"},"schema":{"@context":"https:\/\/schema.org","@graph":[{"@type":"WebPage","@id":"https:\/\/metropolitan-masters.com\/kontakt\/","url":"https:\/\/metropolitan-masters.com\/kontakt\/","name":"Kontakt - Metropolitan Masters","isPartOf":{"@id":"https:\/\/metropolitan-masters.com\/#website"},"datePublished":"2024-03-05T08:19:45+00:00","dateModified":"2026-01-18T17:09:15+00:00","description":"Plastische Chirurgen aus Berlin, mit der Mission, auf dem stetig wachsenden \u00e4sthetischen Markt f\u00fcr eine Qualit\u00e4tssicherung zu sorgen, die der Kunde sp\u00fcrt und sieht.","breadcrumb":{"@id":"https:\/\/metropolitan-masters.com\/kontakt\/#breadcrumb"},"inLanguage":"en-US","potentialAction":[{"@type":"ReadAction","target":["https:\/\/metropolitan-masters.com\/kontakt\/"]}]},{"@type":"BreadcrumbList","@id":"https:\/\/metropolitan-masters.com\/kontakt\/#breadcrumb","itemListElement":[{"@type":"ListItem","position":1,"name":"Startseite","item":"https:\/\/metropolitan-masters.com\/"},{"@type":"ListItem","position":2,"name":"Kontakt"}]},{"@type":"WebSite","@id":"https:\/\/metropolitan-masters.com\/#website","url":"https:\/\/metropolitan-masters.com\/","name":"\u00c4sthetische Behandlungen in Berlin- Metropolitan Masters","description":"Professionelle \u00e4sthetische Behandlungen","publisher":{"@id":"https:\/\/metropolitan-masters.com\/#organization"},"alternateName":"Metropolitan Masters","potentialAction":[{"@type":"SearchAction","target":{"@type":"EntryPoint","urlTemplate":"https:\/\/metropolitan-masters.com\/?s={search_term_string}"},"query-input":{"@type":"PropertyValueSpecification","valueRequired":true,"valueName":"search_term_string"}}],"inLanguage":"en-US"},{"@type":"Organization","@id":"https:\/\/metropolitan-masters.com\/#organization","name":"Metropolitan Masters","url":"https:\/\/metropolitan-masters.com\/","logo":{"@type":"ImageObject","inLanguage":"en-US","@id":"https:\/\/metropolitan-masters.com\/#\/schema\/logo\/image\/","url":"https:\/\/i0.wp.com\/metropolitan-masters.com\/wp-content\/uploads\/2024\/07\/Logo_Metropolitan_Masters_KN.png?fit=1710%2C398&ssl=1","contentUrl":"https:\/\/i0.wp.com\/metropolitan-masters.com\/wp-content\/uploads\/2024\/07\/Logo_Metropolitan_Masters_KN.png?fit=1710%2C398&ssl=1","width":1710,"height":398,"caption":"Metropolitan Masters"},"image":{"@id":"https:\/\/metropolitan-masters.com\/#\/schema\/logo\/image\/"},"sameAs":["https:\/\/www.instagram.com\/metropolitan.masters\/?hl=de"]}]}},"jetpack_likes_enabled":true,"jetpack_sharing_enabled":true,"jetpack_shortlink":"https:\/\/wp.me\/PfzOmH-A","jetpack-related-posts":[],"_links":{"self":[{"href":"https:\/\/metropolitan-masters.com\/en\/wp-json\/wp\/v2\/pages\/36","targetHints":{"allow":["GET"]}}],"collection":[{"href":"https:\/\/metropolitan-masters.com\/en\/wp-json\/wp\/v2\/pages"}],"about":[{"href":"https:\/\/metropolitan-masters.com\/en\/wp-json\/wp\/v2\/types\/page"}],"author":[{"embeddable":true,"href":"https:\/\/metropolitan-masters.com\/en\/wp-json\/wp\/v2\/users\/247424117"}],"replies":[{"embeddable":true,"href":"https:\/\/metropolitan-masters.com\/en\/wp-json\/wp\/v2\/comments?post=36"}],"version-history":[{"count":57,"href":"https:\/\/metropolitan-masters.com\/en\/wp-json\/wp\/v2\/pages\/36\/revisions"}],"predecessor-version":[{"id":4043,"href":"https:\/\/metropolitan-masters.com\/en\/wp-json\/wp\/v2\/pages\/36\/revisions\/4043"}],"wp:attachment":[{"href":"https:\/\/metropolitan-masters.com\/en\/wp-json\/wp\/v2\/media?parent=36"}],"curies":[{"name":"wp","href":"https:\/\/api.w.org\/{rel}","templated":true}]}}